{"id":868,"date":"2016-02-14T10:43:54","date_gmt":"2016-02-14T09:43:54","guid":{"rendered":"http:\/\/www.engineering-associates.it\/?page_id=868"},"modified":"2016-02-15T10:28:05","modified_gmt":"2016-02-15T09:28:05","slug":"elettrocert","status":"publish","type":"page","link":"https:\/\/www.engineering-associates.it\/en\/prodotti-software\/elettrocert\/","title":{"rendered":"Elettrocert"},"content":{"rendered":"<div class=\"row\"><div id=\"aq-block-905-1\" class=\"aq-block aq-block-aq_page_header_block col-sm-12 aq-first aq-last \">\r\n<header class=\"page-header ebor-pad-me\">\r\n\r\n\t<div class=\"background-image-holder parallax-background\">\r\n\t\t<img loading=\"lazy\" decoding=\"async\" width=\"1920\" height=\"885\" src=\"https:\/\/www.engineering-associates.it\/wp-content\/uploads\/2016\/02\/elettrocert-HEADER.jpg\" class=\"background-image\" alt=\"\" srcset=\"https:\/\/www.engineering-associates.it\/wp-content\/uploads\/2016\/02\/elettrocert-HEADER.jpg 1920w, https:\/\/www.engineering-associates.it\/wp-content\/uploads\/2016\/02\/elettrocert-HEADER-300x138.jpg 300w, https:\/\/www.engineering-associates.it\/wp-content\/uploads\/2016\/02\/elettrocert-HEADER-768x354.jpg 768w, https:\/\/www.engineering-associates.it\/wp-content\/uploads\/2016\/02\/elettrocert-HEADER-1024x472.jpg 1024w\" sizes=\"auto, (max-width: 1920px) 100vw, 1920px\" \/>\t<\/div>\r\n\t\r\n\t<div class=\"container\">\r\n\t\t<div class=\"row\">\r\n\t\t\t<div class=\"col-sm-12\">\r\n\t\t\t\t<h1 class=\"text-white\">Elettrocert<\/h1><p class=\"lead text-white ebor-limit-width\">Piattaforma web per la gestione ed il completamento delle verifiche degli impianti elettrici<br> e di messa a terra in base al DPR. 462<\/p><a href=\"\/contact-map\/\" class=\"btn btn-primary btn-filled\" target=\"_self\">contattaci<\/a>\t\t\t<\/div>\r\n\t\t<\/div>\r\n\t<\/div>\r\n\t\r\n<\/header>\r\n\r\n<\/div><a href=\"#\" id=\"video\" class=\"in-page-link\"><\/a><section class=\"aq-block dark-wrapper\"><div class=\"container\"><div class=\"row\"><div id=\"aq-block-905-3\" class=\"aq-block aq-block-aq_section_title_block col-sm-6 aq-first \"><div class=\"\"><h1 class=\"\">Elettrocert<\/h1><\/div><div class=\"lead  \"><p>Elettrocert \u00e8 una piattaforma web che consente di gestire in modo semplice ed immediato le attivit\u00e0 legate alle verifiche periodiche e straordinarie degli impianti di messa a terra.<br \/>Realizzato in modo conforme a quanto previsto nel DPR 462\/01, Elettrocert supporta gli organismi notificati e abilitati in tutte le fasi delle verifiche per:<\/p>\n<p>- impianti elettrici di messa a terra<br \/>- installazione dispositivi di protezione delle scariche atmosferiche<br \/>- impianti elettrici in luoghi con pericolo d'esplosione<\/p>\n<p><span class=\"contact-telephone\">Richiedi una presentazione gratuita del software.<\/span><\/p>\n<\/div><\/div><div id=\"aq-block-905-4\" class=\"aq-block aq-block-aq_image_block col-sm-6  aq-last \">\t\t\r\n\t\t<div class=\"text-center\">\r\n\t\t\r\n\t\t\t\t\t\t\r\n\t\t\t\t\t<img decoding=\"async\" src=\"http:\/\/www.engineering-associates.it\/wp-content\/uploads\/2016\/04\/elettrocert.jpg\" alt=\"aq_block_4\" \/>\r\n\t\t\t\r\n\t\t\t\t\t\r\n\t\t<\/div>\r\n\t\t\r\n\t<\/div><\/div><\/div><\/section><a href=\"#\" id=\"text-thirds\" class=\"in-page-link\"><\/a><section class=\"aq-block light-wrapper\"><div class=\"container\"><div class=\"row\"><div id=\"aq-block-905-6\" class=\"aq-block aq-block-aq_ebor_text_block col-sm-12 aq-first aq-last \"><div class=\"feature\"><h5>Moduli disponibili<\/h5><\/div><\/div><div id=\"aq-block-905-7\" class=\"aq-block aq-block-aq_spacer_block col-sm-12 aq-first aq-last \">\t\t\r\n\t\t<div style=\"clear: both; width: 100%; height: 30px;\"><\/div>\r\n\t\r\n\t<\/div><div id=\"aq-block-905-8\" class=\"aq-block aq-block-aq_ebor_text_block col-sm-3 aq-first \"><div class=\"feature feature-icon-left\"><div class=\"icon-holder\"><i class=\"icon icon_check_alt2\"><\/i><\/div><div class=\"feature-text\"><h6>Agenda<\/h6><p>Modulo che schedula tutte le verifiche. Uno scadenziario completo segnala gli impianti per i quali si avvicina la data della prossima verifica.<\/p>\n<\/div><\/div><\/div><div id=\"aq-block-905-9\" class=\"aq-block aq-block-aq_ebor_text_block col-sm-3  \"><div class=\"feature feature-icon-left\"><div class=\"icon-holder\"><i class=\"icon icon_check_alt2\"><\/i><\/div><div class=\"feature-text\"><h6>Impianti<\/h6><p>Modulo che permette di avere sempre archivio dettagliato e aggiornato di tutti gli impianti gestiti.<\/p>\n<\/div><\/div><\/div><div id=\"aq-block-905-10\" class=\"aq-block aq-block-aq_ebor_text_block col-sm-3  \"><div class=\"feature feature-icon-left\"><div class=\"icon-holder\"><i class=\"icon icon_check_alt2\"><\/i><\/div><div class=\"feature-text\"><h6>Verbali<\/h6><p>Moduleo che gestisce l\u2019archivio completo ed ordinato di tutti i verbali redatti.<\/p>\n<\/div><\/div><\/div><div id=\"aq-block-905-11\" class=\"aq-block aq-block-aq_ebor_text_block col-sm-3  aq-last \"><div class=\"feature feature-icon-left\"><div class=\"icon-holder\"><i class=\"icon icon_check_alt2\"><\/i><\/div><div class=\"feature-text\"><h6>Tabelle<\/h6><p>Modulo che consente agli utenti di inserire in modo semplice la tabelle di corto circuito, differenziali e RT.<\/p>\n<\/div><\/div><\/div><div id=\"aq-block-905-12\" class=\"aq-block aq-block-aq_ebor_text_block col-sm-3 aq-first \"><div class=\"feature feature-icon-left\"><div class=\"icon-holder\"><i class=\"icon icon_check_alt2\"><\/i><\/div><div class=\"feature-text\"><h6>Offerte<\/h6><p>Modulo che permette la creazione rapida e efficace delle offerte, partendo da un tariffario, e consente di generare direttamente in formato word su carta intestata dall\u2019azienda.<\/p>\n<\/div><\/div><\/div><div id=\"aq-block-905-13\" class=\"aq-block aq-block-aq_ebor_text_block col-sm-3  \"><div class=\"feature feature-icon-left\"><div class=\"icon-holder\"><i class=\"icon icon_check_alt2\"><\/i><\/div><div class=\"feature-text\"><h6>Anagrafica contatti<\/h6><p>Modulo che consente di avere l'anagrafica dei contatti legati agli impianti sempre aggiornata e facilmente consultabile da tutti<\/p>\n<\/div><\/div><\/div><div id=\"aq-block-905-14\" class=\"aq-block aq-block-aq_ebor_text_block col-sm-3  aq-last \"><div class=\"feature feature-icon-left\"><div class=\"icon-holder\"><i class=\"icon icon_check_alt2\"><\/i><\/div><div class=\"feature-text\"><h6>Fatturazione<\/h6><p>Modulo che permette di gestire in modo completo la fatturazione al cliente. Possono essere generati dei report delle attivit\u00e0 da allegare alle fatture.<\/p>\n<\/div><\/div><\/div><\/div><\/div><\/section><a href=\"#\" id=\"domande-frequenti\" class=\"in-page-link\"><\/a><section class=\"aq-block dark-wrapper\"><div class=\"container\"><div class=\"row\"><div id=\"aq-block-905-16\" class=\"aq-block aq-block-aq_section_title_block col-sm-6 aq-first \"><span class=\" alt-font  ebor-block\">offerta<\/span><div class=\"\"><h1 class=\"\">Canone annuale<br>a partire da \u20ac.850,00 + iva<\/h1><\/div><div class=\"lead  \"><p>- Attivazione piattaforma<br \/>- Spazio su server dedicato<br \/>- Area riservata con accesso tramite username e password personale<br \/>- Corso tramite \"webconference\" di formazione con configurazione guidata della piattaforma della durata massima di 4 ore<br \/>- Assistenza telefononica nei giorni feriali per problemi d'uso<br \/>- Servizio di precaricamento clienti e impianti<br \/>- Servizio di caricamento dei clienti e degli impianti all'interno della piattaforma.<\/p>\n<\/div><\/div><div id=\"aq-block-905-17\" class=\"aq-block aq-block-aq_accordion_block col-sm-6  aq-last \">\t\t\t\r\n\t\t\t<ul class=\"accordion\">\r\n\t\t\t\t\t\t\t\t\t<li class=\"active\">\r\n\t\t\t\t\t\t<div class=\"title\"><span>In che formato vengono generati i verbali?<\/span><\/div>\r\n\t\t\t\t\t\t<div class=\"text\">\r\n\t\t\t\t\t\t\t<p>I verbali, come anche le offerte e le tabelle, vengono generati in formato word per permetterne la modifica.<\/p>\n\t\t\t\t\t\t<\/div>\r\n\t\t\t\t\t<\/li>\r\n\t\t\t\t\t\t\t\t\t<li >\r\n\t\t\t\t\t\t<div class=\"title\"><span>Quale tipo di documenti posso caricare?<\/span><\/div>\r\n\t\t\t\t\t\t<div class=\"text\">\r\n\t\t\t\t\t\t\t<p>Si pu\u00f2 caricare qualsiasi tipo di file o documento, anche se si suggerisce di utilizzare il formato pdf.<\/p>\n<p>In fase di caricamento la piattaforma permette di classificare gi\u00e0 il documento in base alla tipologia (ad es. Denuncia impianto messa terra, dichiarazione di conformit\u00e0, lettera dell'ENEL ecc) in modo da renderne pi\u00f9 agevole la ricerca<\/p>\n\t\t\t\t\t\t<\/div>\r\n\t\t\t\t\t<\/li>\r\n\t\t\t\t\t\t\t\t\t<li >\r\n\t\t\t\t\t\t<div class=\"title\"><span>Quale sono i benefici della piattaforma web per gli organismi?<\/span><\/div>\r\n\t\t\t\t\t\t<div class=\"text\">\r\n\t\t\t\t\t\t\t<p>Un importante vantaggio dall'uso della piattaforma si ottiene dalle verifiche sucessive alla prima.<br \/>\nIl tasto duplica permette, partendo dal verbale precedente, di redigere il nuovo verbale con semplici modifiche ai dati inseriti.<br \/>\nLo stesso procedimento si applica alla stesura delle tabelle rendendo cos\u00ec semplice e veloce la creazione dei documenti.<\/p>\n\t\t\t\t\t\t<\/div>\r\n\t\t\t\t\t<\/li>\r\n\t\t\t\t\t\t\t<\/ul>\r\n\t\t\t\r\n\t\t<\/div><\/div><\/div><\/section><\/div>\n","protected":false},"excerpt":{"rendered":"","protected":false},"author":1,"featured_media":0,"parent":866,"menu_order":0,"comment_status":"closed","ping_status":"closed","template":"","meta":{"footnotes":""},"class_list":["post-868","page","type-page","status-publish","hentry"],"translation":{"provider":"WPGlobus","version":"3.0.0","language":"en","enabled_languages":["it","en"],"languages":{"it":{"title":true,"content":true,"excerpt":false},"en":{"title":false,"content":false,"excerpt":false}}},"_links":{"self":[{"href":"https:\/\/www.engineering-associates.it\/en\/wp-json\/wp\/v2\/pages\/868","targetHints":{"allow":["GET"]}}],"collection":[{"href":"https:\/\/www.engineering-associates.it\/en\/wp-json\/wp\/v2\/pages"}],"about":[{"href":"https:\/\/www.engineering-associates.it\/en\/wp-json\/wp\/v2\/types\/page"}],"author":[{"embeddable":true,"href":"https:\/\/www.engineering-associates.it\/en\/wp-json\/wp\/v2\/users\/1"}],"replies":[{"embeddable":true,"href":"https:\/\/www.engineering-associates.it\/en\/wp-json\/wp\/v2\/comments?post=868"}],"version-history":[{"count":4,"href":"https:\/\/www.engineering-associates.it\/en\/wp-json\/wp\/v2\/pages\/868\/revisions"}],"predecessor-version":[{"id":906,"href":"https:\/\/www.engineering-associates.it\/en\/wp-json\/wp\/v2\/pages\/868\/revisions\/906"}],"up":[{"embeddable":true,"href":"https:\/\/www.engineering-associates.it\/en\/wp-json\/wp\/v2\/pages\/866"}],"wp:attachment":[{"href":"https:\/\/www.engineering-associates.it\/en\/wp-json\/wp\/v2\/media?parent=868"}],"curies":[{"name":"wp","href":"https:\/\/api.w.org\/{rel}","templated":true}]}}