{"id":878,"date":"2016-02-14T10:49:18","date_gmt":"2016-02-14T09:49:18","guid":{"rendered":"http:\/\/www.engineering-associates.it\/?page_id=878"},"modified":"2016-02-15T14:00:03","modified_gmt":"2016-02-15T13:00:03","slug":"paradigma","status":"publish","type":"page","link":"https:\/\/www.engineering-associates.it\/en\/prodotti-software\/paradigma\/","title":{"rendered":"Paradigma"},"content":{"rendered":"<div class=\"row\"><div id=\"aq-block-912-1\" class=\"aq-block aq-block-aq_page_header_block col-sm-12 aq-first aq-last \">\r\n<header class=\"page-header ebor-pad-me\">\r\n\r\n\t<div class=\"background-image-holder parallax-background\">\r\n\t\t<img loading=\"lazy\" decoding=\"async\" width=\"1920\" height=\"885\" src=\"https:\/\/www.engineering-associates.it\/wp-content\/uploads\/2016\/02\/paradigma-header.jpg\" class=\"background-image\" alt=\"\" srcset=\"https:\/\/www.engineering-associates.it\/wp-content\/uploads\/2016\/02\/paradigma-header.jpg 1920w, https:\/\/www.engineering-associates.it\/wp-content\/uploads\/2016\/02\/paradigma-header-300x138.jpg 300w, https:\/\/www.engineering-associates.it\/wp-content\/uploads\/2016\/02\/paradigma-header-768x354.jpg 768w, https:\/\/www.engineering-associates.it\/wp-content\/uploads\/2016\/02\/paradigma-header-1024x472.jpg 1024w\" sizes=\"auto, (max-width: 1920px) 100vw, 1920px\" \/>\t<\/div>\r\n\t\r\n\t<div class=\"container\">\r\n\t\t<div class=\"row\">\r\n\t\t\t<div class=\"col-sm-12\">\r\n\t\t\t\t<h1 class=\"text-white\">Paradigma<\/h1><p class=\"lead text-white ebor-limit-width\">Piattaforma Web per la gestione dello Studio del Commercialista <\/p><a href=\"\/contact-map\/\" class=\"btn btn-primary btn-filled\" target=\"_self\">contattaci<\/a>\t\t\t<\/div>\r\n\t\t<\/div>\r\n\t<\/div>\r\n\t\r\n<\/header>\r\n\r\n<\/div><a href=\"#\" id=\"video\" class=\"in-page-link\"><\/a><section class=\"aq-block light-wrapper\"><div class=\"container\"><div class=\"row\"><div id=\"aq-block-912-3\" class=\"aq-block aq-block-aq_section_title_block col-sm-6 aq-first \"><div class=\"\"><h1 class=\"\">Paradigma<\/h1><\/div><div class=\"lead  \"><p><em>Cerchi un software per gestire in modo semplice le attivit\u00e0 dello studio?<\/em><br \/><em>Ti piacerebbe organizzare in modo immediato le tue attivit\u00e0 e poterle poi fatturare con un semplice clic?<\/em><br \/><em> Vorresti tenere sotto controllo i costi che sostieni per i tuoi clienti in modo da sapere in modo chiaro quanto guadagni con le tue attivit\u00e0?<\/em> <\/p>\n<p><span class=\"contact-telephone\"><strong>Paradigma risponde a queste domande.<\/strong><br \/> E' adatto a studi di tutte le dimensioni poich\u00e9 \u00e8 personalizzabile e non necessita di un lungo apprendimento poich\u00e9 si gestisce come un'agenda.<br \/> Nel video di presentazione vi verranno descritte\u00a0 le principali funzionalit\u00e0 della piattaforma e potrete apprezzare la facilit\u00e0 d'uso dello strumento e ed il notevole apporto che pu\u00f2 dare nel controllo di gestione e nell'organizzazione del lavoro.<\/span><\/p>\n<\/div><\/div><div id=\"aq-block-912-4\" class=\"aq-block aq-block-aq_video_embed_block col-sm-6  aq-last \"><div class=\"fitvids\"><iframe loading=\"lazy\" title=\"Paradigma - Software per commercialisti\" width=\"500\" height=\"375\" src=\"https:\/\/www.youtube.com\/embed\/buJyu2VXaXo?feature=oembed\" frameborder=\"0\" allow=\"accelerometer; autoplay; clipboard-write; encrypted-media; gyroscope; picture-in-picture; web-share\" referrerpolicy=\"strict-origin-when-cross-origin\" allowfullscreen><\/iframe><\/div><\/div><\/div><\/div><\/section><a href=\"#\" id=\"text-thirds\" class=\"in-page-link\"><\/a><section class=\"aq-block dark-wrapper\"><div class=\"container\"><div class=\"row\"><div id=\"aq-block-912-6\" class=\"aq-block aq-block-aq_ebor_text_block col-sm-12 aq-first aq-last \"><div class=\"feature\"><h5>Moduli disponibili<\/h5><\/div><\/div><div id=\"aq-block-912-7\" class=\"aq-block aq-block-aq_spacer_block col-sm-12 aq-first aq-last \">\t\t\r\n\t\t<div style=\"clear: both; width: 100%; height: 30px;\"><\/div>\r\n\t\r\n\t<\/div><div id=\"aq-block-912-8\" class=\"aq-block aq-block-aq_ebor_text_block col-sm-4 aq-first \"><div class=\"feature feature-icon-left\"><div class=\"icon-holder\"><i class=\"icon icon_check_alt2\"><\/i><\/div><div class=\"feature-text\"><h6>Gestione attivit\u00e0 per i bilanci <\/h6><p>Permette di registrare le varie attivit\u00e0 da svolgere per un bilancio, visualizzando in un pannello chiaro ed intuitivo ci\u00f2 che \u00e8 stato fatto e ci\u00f2 che deve essere ancora da fare.<br \/><a href=\"http:\/\/www.engineering-associates.it\/images\/stories\/paradigma\/video\/bilanci\/bilanci.html\">Video<\/a><\/p>\n<\/div><\/div><\/div><div id=\"aq-block-912-9\" class=\"aq-block aq-block-aq_ebor_text_block col-sm-4  \"><div class=\"feature feature-icon-left\"><div class=\"icon-holder\"><i class=\"icon icon_check_alt2\"><\/i><\/div><div class=\"feature-text\"><h6>Analisi costi e margini pratiche<\/h6><p>Consente di fare il controllo di gestione dello studio, verificando i costi sostenuti per la gestione delle pratiche dei clienti e fatturare in automatico tutte le attivit\u00e0 svolte. E\u2019 possibile poi produrre dei report dettagliati per i propri clienti.<br \/><a href=\"http:\/\/www.engineering-associates.it\/images\/stories\/paradigma\/video_new\/menu_agenda_CG\/menu_agenda_CG.html\">Video<\/a><\/p>\n<\/div><\/div><\/div><div id=\"aq-block-912-10\" class=\"aq-block aq-block-aq_ebor_text_block col-sm-4  aq-last \"><div class=\"feature feature-icon-left\"><div class=\"icon-holder\"><i class=\"icon icon_check_alt2\"><\/i><\/div><div class=\"feature-text\"><h6>Organizzazione lavoro di gruppo<\/h6><p>Permette di organizzare il lavoro delle persone in base agli impegni ed al carico di lavoro di ciascun operatore. Permette di notificare via mail ed all\u2019interno dell\u2019agenda le attivit\u00e0 da svolgere per i propri clienti.<br \/><a href=\"http:\/\/www.engineering-associates.it\/images\/stories\/paradigma\/video_new\/menu_agenda\/menu_agenda.html\">Video<\/a><\/p>\n<\/div><\/div><\/div><div id=\"aq-block-912-11\" class=\"aq-block aq-block-aq_ebor_text_block col-sm-4 aq-first \"><div class=\"feature feature-icon-left\"><div class=\"icon-holder\"><i class=\"icon icon_check_alt2\"><\/i><\/div><div class=\"feature-text\"><h6>Fatturazione<\/h6><p>E\u2019 prevista la fatturazione singola o multi societ\u00e0 gestendo l\u2019archivio delle fatture (Potete fatturare anche per i vostri clienti). Un archivio via web permette di avere sempre sottomano copia delle fatture in formato pdf. Inoltre consente la fatturazione sia come professionisti che come societ\u00e0. <br \/> Ad ogni fattura sono associate le attivit\u00e0 svolte (estrae i dati direttamente dalle attivit\u00e0 inserite), in modo da avere una fatturazione completa.<br \/><a href=\"http:\/\/www.engineering-associates.it\/images\/stories\/paradigma\/video_new\/fatturazione_parte_A\/fatturazione_parte_A.html\">Video<\/a><\/p>\n<\/div><\/div><\/div><div id=\"aq-block-912-12\" class=\"aq-block aq-block-aq_ebor_text_block col-sm-4  \"><div class=\"feature feature-icon-left\"><div class=\"icon-holder\"><i class=\"icon icon_check_alt2\"><\/i><\/div><div class=\"feature-text\"><h6>Agenda integrata<\/h6><p>Gestisce impegni, appuntamenti, scadenze e tutte le attivit\u00e0 svolte per i clienti. E\u2019 condivisa fra tutti gli operatori dello studio ed ha delle viste personalizzate.<br \/> Potete visualizzarla anche nell'agenda di Outlook.<br \/>Funziona anche sul cellulare o su <strong>Iphone <\/strong>o su <strong>Smartphone Android<\/strong> e si visualizza sull'agenda del cellulare.<br \/><a href=\"http:\/\/www.engineering-associates.it\/images\/stories\/paradigma\/video_new\/presentazione\/presentazione.html\">Video<\/a><\/p>\n<\/div><\/div><\/div><div id=\"aq-block-912-13\" class=\"aq-block aq-block-aq_ebor_text_block col-sm-4  aq-last \"><div class=\"feature feature-icon-left\"><div class=\"icon-holder\"><i class=\"icon icon_check_alt2\"><\/i><\/div><div class=\"feature-text\"><h6>Gestione cartelle esattoriali<\/h6><p>Permette di avere un archivio online della situazione dei propri clienti (esempio: stato degli accertamenti, pratiche sospese ecc.)<\/p>\n<\/div><\/div><\/div><\/div><\/div><\/section><a href=\"#\" id=\"offerta\" class=\"in-page-link\"><\/a><section class=\"aq-block light-wrapper\"><div class=\"container\"><div class=\"row\"><div id=\"aq-block-912-15\" class=\"aq-block aq-block-aq_section_title_block col-sm-12 aq-first aq-last \"><div class=\"text-center\"><h1 class=\"\">Offerta<\/h1><\/div><\/div><div id=\"aq-block-912-16\" class=\"aq-block aq-block-aq_spacer_block col-sm-12 aq-first aq-last \">\t\t\r\n\t\t<div style=\"clear: both; width: 100%; height: 30px;\"><\/div>\r\n\t\r\n\t<\/div><div id=\"aq-block-912-17\" class=\"aq-block aq-block-aq_pricing_table_block col-sm-6 aq-first \">\t\t\r\n\t\t<div class=\"pricing-2\">\r\n\t\t\t<div class=\"pricing-tables\">\r\n\t\t\t\t<div class=\"pricing-table \">\r\n\t\t\t\t\t<ul class=\"features\">\r\n\t\t\t\t\t\t<li><strong>Paradigma - NORMAL<\/strong><\/li><li>Attivazione piattaforma Paradigma<\/li><li>Spazio su server dedicato<\/li><li>Area riservata con accesso tramite username e password personale fino a 3 utenti.<\/li><li>Corso tramite \" webconference \"di formazione con configurazione guidata della piattaforma della durata massima di 4 ore<\/li><li>Assistenza telefononica nei giorni feriali per problemi d'uso<\/li>\t\t\t\t\t<\/ul>\r\n\t\t\t\t\t<div class=\"price\">\r\n\t\t\t\t\t\t<span class=\"sub\">Euro<\/span>\r\n\t\t\t\t\t\t<span class=\"amount\">590<\/span>\r\n\t\t\t\t\t\t<span class=\"sub\">+IVA<\/span>\r\n\t\t\t\t\t<\/div>\r\n\t\t\t\t\t<a href=\"\" class=\"btn btn-primary \"><\/a>\r\n\t\t\t\t<\/div>\r\n\t\t\t<\/div>\r\n\t\t<\/div>\r\n\t\t\r\n\t<\/div><div id=\"aq-block-912-18\" class=\"aq-block aq-block-aq_pricing_table_block col-sm-6  aq-last \">\t\t\r\n\t\t<div class=\"pricing-2\">\r\n\t\t\t<div class=\"pricing-tables\">\r\n\t\t\t\t<div class=\"pricing-table \">\r\n\t\t\t\t\t<ul class=\"features\">\r\n\t\t\t\t\t\t<li><strong>Paradigma - ADVANCED<\/strong><\/li><li>Attivazione piattaforma Paradigma<\/li><li>Spazio su server dedicato<\/li><li>Area riservata con accesso tramite username e password personale fino a 5 utenti.<\/li><li>Corso tramite \" webconference \"di formazione con configurazione guidata della piattaforma della durata massima di 4 ore<\/li><li>Precaricamento delle anagrafiche<\/li><li>Assistenza telefononica nei giorni feriali per problemi d'uso<\/li>\t\t\t\t\t<\/ul>\r\n\t\t\t\t\t<div class=\"price\">\r\n\t\t\t\t\t\t<span class=\"sub\">Euro<\/span>\r\n\t\t\t\t\t\t<span class=\"amount\">990<\/span>\r\n\t\t\t\t\t\t<span class=\"sub\">+IVA<\/span>\r\n\t\t\t\t\t<\/div>\r\n\t\t\t\t\t<a href=\"\" class=\"btn btn-primary \"><\/a>\r\n\t\t\t\t<\/div>\r\n\t\t\t<\/div>\r\n\t\t<\/div>\r\n\t\t\r\n\t<\/div><div id=\"aq-block-912-19\" class=\"aq-block aq-block-aq_spacer_block col-sm-12 aq-first aq-last \">\t\t\r\n\t\t<div style=\"clear: both; width: 100%; height: 30px;\"><\/div>\r\n\t\r\n\t<\/div><\/div><\/div><\/section><\/div>\n","protected":false},"excerpt":{"rendered":"","protected":false},"author":1,"featured_media":0,"parent":866,"menu_order":0,"comment_status":"closed","ping_status":"closed","template":"","meta":{"footnotes":""},"class_list":["post-878","page","type-page","status-publish","hentry"],"translation":{"provider":"WPGlobus","version":"3.0.0","language":"en","enabled_languages":["it","en"],"languages":{"it":{"title":true,"content":true,"excerpt":false},"en":{"title":false,"content":false,"excerpt":false}}},"_links":{"self":[{"href":"https:\/\/www.engineering-associates.it\/en\/wp-json\/wp\/v2\/pages\/878","targetHints":{"allow":["GET"]}}],"collection":[{"href":"https:\/\/www.engineering-associates.it\/en\/wp-json\/wp\/v2\/pages"}],"about":[{"href":"https:\/\/www.engineering-associates.it\/en\/wp-json\/wp\/v2\/types\/page"}],"author":[{"embeddable":true,"href":"https:\/\/www.engineering-associates.it\/en\/wp-json\/wp\/v2\/users\/1"}],"replies":[{"embeddable":true,"href":"https:\/\/www.engineering-associates.it\/en\/wp-json\/wp\/v2\/comments?post=878"}],"version-history":[{"count":2,"href":"https:\/\/www.engineering-associates.it\/en\/wp-json\/wp\/v2\/pages\/878\/revisions"}],"predecessor-version":[{"id":917,"href":"https:\/\/www.engineering-associates.it\/en\/wp-json\/wp\/v2\/pages\/878\/revisions\/917"}],"up":[{"embeddable":true,"href":"https:\/\/www.engineering-associates.it\/en\/wp-json\/wp\/v2\/pages\/866"}],"wp:attachment":[{"href":"https:\/\/www.engineering-associates.it\/en\/wp-json\/wp\/v2\/media?parent=878"}],"curies":[{"name":"wp","href":"https:\/\/api.w.org\/{rel}","templated":true}]}}